{"id":231,"date":"2016-10-13T09:26:42","date_gmt":"2016-10-13T06:26:42","guid":{"rendered":"http:\/\/marconsult.ru\/?page_id=231"},"modified":"2017-05-22T15:54:35","modified_gmt":"2017-05-22T12:54:35","slug":"nashi-klienty","status":"publish","type":"page","link":"https:\/\/marconsult.ru\/en\/nashi-klienty\/","title":{"rendered":"Our Clients"},"content":{"rendered":"<p><\/p>\n<h1 class=\"wow fadeInUp\">Our Clients<\/h1>\n<h2 class=\"yellow wow fadeInUp\">Join market leaders.<\/h2>\n<h3><span class=\"mar-icon2\">PHARMA<\/span> unit<\/h3>\n<ul class=\"logos\">\n<li><img decoding=\"async\" src=\"http:\/\/marconsult.ru\/wp-content\/uploads\/2016\/10\/abbott-logo.jpg\" alt=\"abbott-logo\" \/><\/li>\n<li><img decoding=\"async\" src=\"http:\/\/marconsult.ru\/wp-content\/uploads\/2016\/10\/santen-logo.jpg\" alt=\"santen-logo\" \/><\/li>\n<li><img decoding=\"async\" src=\"http:\/\/marconsult.ru\/wp-content\/uploads\/2016\/10\/takeda-logo.jpg\" alt=\"takeda-logo\" \/><\/li>\n<li><img decoding=\"async\" src=\"http:\/\/marconsult.ru\/wp-content\/uploads\/2016\/10\/roche-logo.jpg\" alt=\"roche-logo\" \/><\/li>\n<li><img decoding=\"async\" src=\"http:\/\/marconsult.ru\/wp-content\/uploads\/2016\/10\/materia-medica-logo.jpg\" alt=\"materia-medica-logo\" \/><\/li>\n<li><img decoding=\"async\" src=\"http:\/\/marconsult.ru\/wp-content\/uploads\/2016\/10\/novartis-logo.jpg\" alt=\"novartis-logo\" \/><\/li>\n<li><img decoding=\"async\" src=\"http:\/\/marconsult.ru\/wp-content\/uploads\/2016\/10\/lilly-logo.jpg\" alt=\"lilly-logo\" \/><\/li>\n<li><img decoding=\"async\" src=\"http:\/\/marconsult.ru\/wp-content\/uploads\/2016\/10\/chiesi-logo.jpg\" alt=\"chiesi-logo\" \/><\/li>\n<li><img decoding=\"async\" src=\"http:\/\/marconsult.ru\/wp-content\/uploads\/2016\/10\/eisai-logo.jpg\" alt=\"eisai-logo\" \/><\/li>\n<li><img decoding=\"async\" src=\"http:\/\/marconsult.ru\/wp-content\/uploads\/2016\/10\/bayer-logo.jpg\" alt=\"bayer-logo\" \/><\/li>\n<li><img decoding=\"async\" src=\"http:\/\/marconsult.ru\/wp-content\/uploads\/2016\/10\/boehringer-ingelheim-logo.jpg\" alt=\"boehringer-ingelheim-logo\" \/><\/li>\n<li><img decoding=\"async\" src=\"http:\/\/marconsult.ru\/wp-content\/uploads\/2016\/10\/bristol-mayers-logo.jpg\" alt=\"bristol-mayers-logo\" \/><\/li>\n<li><img decoding=\"async\" src=\"http:\/\/marconsult.ru\/wp-content\/uploads\/2016\/10\/astellas-logo.jpg\" alt=\"astellas-logo\" \/><\/li>\n<li><img decoding=\"async\" src=\"http:\/\/marconsult.ru\/wp-content\/uploads\/2016\/10\/astrazeneca-logo.jpg\" alt=\"astrazeneca-logo\" \/><\/li>\n<li><img decoding=\"async\" src=\"http:\/\/marconsult.ru\/wp-content\/uploads\/2016\/10\/allergan-logo.jpg\" alt=\"allergan-logo\" \/><\/li>\n<\/ul>\n<div class=\"quote wow fadeInUp\">I am satisfied with everything: communication, expertise, reports and visualization \u2013 all aspects are at the highest level. I like everything so that I wouldn\u2019t change anything myself. We have been cooperating for so long already that we can finish each other\u2019s sentences.<\/p>\n<div class=\"autor\">\n<div class=\"yellow-line\"><\/div>\n<p><span class=\"name\">Sergey Linnik<\/span><br \/>\n<span class=\"company\">Takeda<\/span><\/p>\n<\/div>\n<\/div>\n<div class=\"quote wow fadeInUp\">I would like to outline quick response, discussion of each detail, attention to any Client\u2019s wishes. The manager has immersed deeply in the subject of the study. I would like to continue cooperation in both this and future projects.<\/p>\n<div class=\"autor\">\n<div class=\"yellow-line\"><\/div>\n<p><span class=\"name\">Anna Khoranova<\/span><br \/>\n<span class=\"company\">Materia Medica<\/span><\/p>\n<\/div>\n<\/div>\n<div class=\"quote wow fadeInUp\">I like communication, quick response to incoming questions, understanding of issues set and customer-oriented approach. Everything was done as it should be \u2013 clearly, very quickly and professionally.<\/p>\n<div class=\"autor\">\n<div class=\"yellow-line\"><\/div>\n<p><span class=\"name\">Yulia Mikhailova<\/span><br \/>\n<span class=\"company\">AstraZeneca<\/span><\/p>\n<\/div>\n<\/div>\n<div class=\"quote wow fadeInUp\">We have purchased a second study from you \u2013 it was very useful for us. Money was not spent in vain. I think that the quality of services provided is very high.<\/p>\n<div class=\"autor\">\n<div class=\"yellow-line\"><\/div>\n<p><span class=\"name\">Alexey Potebnya<\/span><br \/>\n<span class=\"company\">Abbott<\/span><\/p>\n<\/div>\n<\/div>\n<div class=\"quote wow fadeInUp\">We are very satisfied with our cooperation. Your colleagues have completed the study in the shortest term. During the project employees were available, we could get any information at any time. They were very responsive to our requests. We highly appreciate your customer-oriented approach.<\/p>\n<div class=\"autor\">\n<div class=\"yellow-line\"><\/div>\n<p><span class=\"name\">Alexey Pak<\/span><br \/>\n<span class=\"company\">Eli Lilly<\/span><\/p>\n<\/div>\n<\/div>\n<div class=\"quote wow fadeInUp\">I highly appreciate the quality of your performance and professionalism, as well as expert opinions provided to me by project managers.<\/p>\n<div class=\"autor\">\n<div class=\"yellow-line\"><\/div>\n<p><span class=\"name\">Daria Kalosha<\/span><br \/>\n<span class=\"company\">Chiesi<\/span><\/p>\n<\/div>\n<\/div>\n<div class=\"quote wow fadeInUp\">It\u2019s very comfortable to work with you. Everything is excellent with both the report and organizational issues. Your employees are really completely involved in the project.<\/p>\n<div class=\"autor\">\n<div class=\"yellow-line\"><\/div>\n<p><span class=\"name\">Tatiana Moknova<\/span><br \/>\n<span class=\"company\">Takeda<\/span><\/p>\n<\/div>\n<\/div>\n<div class=\"quote wow fadeInUp\">Some study results were very surprising, have completely changed our understanding of the situation. We have revised drug promotion strategy based on these results.<\/p>\n<div class=\"autor\">\n<div class=\"yellow-line\"><\/div>\n<p><span class=\"name\">Anna Khoranova<\/span><br \/>\n<span class=\"company\">Materia Medica<\/span><\/p>\n<\/div>\n<\/div>\n<div class=\"quote wow fadeInUp\">I liked the manager\u2019s involvement in the project. Your employees show interest, they always respond to requests.<\/p>\n<div class=\"autor\">\n<div class=\"yellow-line\"><\/div>\n<p><span class=\"name\">Olga Saharova<\/span><br \/>\n<span class=\"company\">Boehringer-Ingelheim<\/span><\/p>\n<\/div>\n<\/div>\n<div class=\"quote wow fadeInUp\">I always recommend your company to everyone.<\/p>\n<div class=\"autor\">\n<div class=\"yellow-line\"><\/div>\n<p><span class=\"name\">Sergey Linnik<\/span><br \/>\n<span class=\"company\">Takeda<\/span><\/p>\n<\/div>\n<\/div>\n<div class=\"quote wow fadeInUp\">We have been cooperating with you for a long time already, and succession in projects is not lost.<\/p>\n<div class=\"autor\">\n<div class=\"yellow-line\"><\/div>\n<p><span class=\"name\">Yulia Mikhailova<\/span><br \/>\n<span class=\"company\">AstraZeneca<\/span><\/p>\n<\/div>\n<\/div>\n<div class=\"quote wow fadeInUp\">Owing to the work of MAR CONSULT we have received useful and important information about the situation; this information was used as a basis for marketing decisions. On behalf of Novartis we would like to thank the team for quality work.<\/p>\n<div class=\"autor\">\n<div class=\"yellow-line\"><\/div>\n<p><span class=\"name\">Yevgenia Rumyantseva<\/span><br \/>\n<span class=\"company\">Novartis<\/span><\/p>\n<\/div>\n<\/div>\n<h3><span class=\"mar-icon2\">RETAIL<\/span> unit<\/h3>\n<ul class=\"logos\">\n<li><img decoding=\"async\" src=\"http:\/\/marconsult.ru\/wp-content\/uploads\/2016\/10\/waypark.jpg\" \/><\/li>\n<li><img decoding=\"async\" src=\"http:\/\/marconsult.ru\/wp-content\/uploads\/2016\/10\/water.jpg\" \/><\/li>\n<li><img decoding=\"async\" src=\"http:\/\/marconsult.ru\/wp-content\/uploads\/2016\/10\/tandem.jpg\" \/><\/li>\n<li><img decoding=\"async\" src=\"http:\/\/marconsult.ru\/wp-content\/uploads\/2016\/10\/southern.jpg\" \/><\/li>\n<li><img decoding=\"async\" src=\"http:\/\/marconsult.ru\/wp-content\/uploads\/2016\/10\/murmansk-mall.jpg\" \/><\/li>\n<li><img decoding=\"async\" src=\"http:\/\/marconsult.ru\/wp-content\/uploads\/2016\/10\/mozaika.jpg\" \/><\/li>\n<li><img decoding=\"async\" src=\"http:\/\/marconsult.ru\/wp-content\/uploads\/2016\/10\/monpansie.jpg\" \/><\/li>\n<li><img decoding=\"async\" src=\"http:\/\/marconsult.ru\/wp-content\/uploads\/2016\/10\/goodzone.jpg\" \/><\/li>\n<li><img decoding=\"async\" src=\"http:\/\/marconsult.ru\/wp-content\/uploads\/2016\/10\/golden-babilon.jpg\" \/><\/li>\n<li><img decoding=\"async\" src=\"http:\/\/marconsult.ru\/wp-content\/uploads\/2016\/10\/gallery.jpg\" \/><\/li>\n<li><img decoding=\"async\" src=\"http:\/\/marconsult.ru\/wp-content\/uploads\/2016\/10\/europa.jpg\" \/><\/li>\n<li><img decoding=\"async\" src=\"http:\/\/marconsult.ru\/wp-content\/uploads\/2016\/10\/brandcity.jpg\" \/><\/li>\n<li><img decoding=\"async\" src=\"http:\/\/marconsult.ru\/wp-content\/uploads\/2016\/10\/azovsky.jpg\" \/><\/li>\n<li><img decoding=\"async\" src=\"http:\/\/marconsult.ru\/wp-content\/uploads\/2016\/10\/5th-avenue.jpg\" \/><\/li>\n<\/ul>\n<div class=\"quote wow fadeInUp\">MAR CONSULT company has performed an integrated marketing research in \u201cEurope City Mall\u201d, Volgograd city. When we were choosing a contractor, we have thoroughly studied the list of services and prices of many companies; the choice was made in favor of MAR CONSULT, and it was right. Employees have performed all work stages very quickly, took into consideration all our questions, provided consultations regarding those issues that provoked our doubts. Eventually, we have received a final report earlier than expected. The results of the integrated marketing research were used as a basis for a strategy we are implementing now. I would like to thank the company for a prompt and professional approach, for understanding and ability to \u201clisten to\u201d the Client, timely and accurate solution of professional issues.<\/p>\n<div class=\"autor\">\n<div class=\"yellow-line\"><\/div>\n<p><span class=\"name\">Ksenia Karakchieva, Head of Marketing<\/span><br \/>\n<span class=\"company\">SC Europe City Mall (Volgograd)<\/span><\/p>\n<\/div>\n<\/div>\n<div class=\"quote wow fadeInUp\">Based on your studies, we have made many decisions which had a positive impact on shopping centers we manage.<\/p>\n<div class=\"autor\">\n<div class=\"yellow-line\"><\/div>\n<p><span class=\"name\">Elena Solovieva<\/span><br \/>\n<span class=\"company\">Jones Lang Lasalle<\/span><\/p>\n<\/div>\n<\/div>\n<div class=\"quote wow fadeInUp\">We choose you because of your professional qualities. From year to year we manage to achieve an increase in visits, growth in tenants\u2019 product turnover. Your studies are so accurate, they lead us to desirable results, so we are not ready to consider any other companies for this kind of work.<\/p>\n<div class=\"autor\">\n<div class=\"yellow-line\"><\/div>\n<p><span class=\"name\">Andrey Yakimov<\/span><br \/>\n<span class=\"company\">SC Yuzhny, Kazan<\/span><\/p>\n<\/div>\n<\/div>\n<h3>Construction and repair<\/h3>\n<ul class=\"logos\">\n<li><img decoding=\"async\" src=\"http:\/\/marconsult.ru\/wp-content\/uploads\/2016\/10\/lafargeholcim-logo.jpg\" alt=\"LafargeHolcim\" \/><\/li>\n<li><img decoding=\"async\" src=\"http:\/\/marconsult.ru\/wp-content\/uploads\/2016\/10\/knauf-logo.jpg\" alt=\"Knauf Insulation\" \/><\/li>\n<li><img decoding=\"async\" src=\"http:\/\/marconsult.ru\/wp-content\/uploads\/2016\/10\/tarkett-logo.jpg\" alt=\"Tarkett\" \/><\/li>\n<li><img decoding=\"async\" src=\"http:\/\/marconsult.ru\/wp-content\/uploads\/2016\/10\/ursa-logo.jpg\" alt=\"URSA\" \/><\/li>\n<li><img decoding=\"async\" src=\"http:\/\/marconsult.ru\/wp-content\/uploads\/2016\/10\/wienerberger-logo.jpg\" alt=\"Wienerberger\" \/><\/li>\n<li><img decoding=\"async\" src=\"http:\/\/marconsult.ru\/wp-content\/uploads\/2016\/10\/ruskraski-logo.jpg\" alt=\"Russian colors\" \/><\/li>\n<li><img decoding=\"async\" src=\"http:\/\/marconsult.ru\/wp-content\/uploads\/2016\/10\/henkel-logo.jpg\" alt=\"Henkel\" \/><\/li>\n<li><img decoding=\"async\" src=\"http:\/\/marconsult.ru\/wp-content\/uploads\/2016\/10\/dupoint-logo.jpg\" alt=\"DuPont\" \/><\/li>\n<li><img decoding=\"async\" src=\"http:\/\/marconsult.ru\/wp-content\/uploads\/2016\/10\/eternit-logo.jpg\" alt=\"Eternit\" \/><\/li>\n<li><img decoding=\"async\" src=\"http:\/\/marconsult.ru\/wp-content\/uploads\/2016\/10\/vaillant-logo.jpg\" alt=\"Vaillant\" \/><\/li>\n<li><img decoding=\"async\" src=\"http:\/\/marconsult.ru\/wp-content\/uploads\/2016\/10\/terem-logo.jpg\" alt=\"Terem\" \/><\/li>\n<li><img decoding=\"async\" src=\"http:\/\/marconsult.ru\/wp-content\/uploads\/2016\/10\/saint-gobain-logo.jpg\" alt=\"Saint-Gobain\" \/><\/li>\n<li><\/li>\n<li><img decoding=\"async\" src=\"http:\/\/marconsult.ru\/wp-content\/uploads\/2016\/11\/volma-logo.jpg\" alt=\"Volma\" \/><\/li>\n<\/ul>\n<div class=\"quote wow fadeInUp\">We have highly evaluated our joint cooperation with MAR CONSULT and are completely satisfied with the project fulfilled. The company\u2019s employees are deeply involved in the industrial market; this factor contributes to a simpler interaction at all project stages.<\/p>\n<div class=\"autor\">\n<div class=\"yellow-line\"><\/div>\n<p><span class=\"name\">Kristina Azarova, Head of Marketing<\/span><br \/>\n<span class=\"company\">Henkel<\/span><\/p>\n<\/div>\n<\/div>\n<div class=\"quote wow fadeInUp\">Together with MAR CONSULT we have realized projects; results of these projects helped us to increase the level of brand awareness, as well as to study preferences of professional product consumers.<\/p>\n<div class=\"autor\">\n<div class=\"yellow-line\"><\/div>\n<p><span class=\"name\">Anton Arkantsev, Marketologist-analyst<\/span><br \/>\n<span class=\"company\">\u201cVOLMA\u201d corporation<\/span><\/p>\n<\/div>\n<\/div>\n<h3>Residential real estate<\/h3>\n<ul class=\"logos\">\n<li><img decoding=\"async\" src=\"http:\/\/marconsult.ru\/wp-content\/uploads\/2016\/10\/tushino-2018-logo.jpg\" alt=\"Tushino 2018\" \/><\/li>\n<li><img decoding=\"async\" src=\"http:\/\/marconsult.ru\/wp-content\/uploads\/2016\/10\/pioneer-logo.jpg\" alt=\"GC Pioneer\" \/><\/li>\n<li><img decoding=\"async\" src=\"http:\/\/marconsult.ru\/wp-content\/uploads\/2016\/10\/krost-logo.jpg\" alt=\"Crost\" \/><\/li>\n<li><img decoding=\"async\" src=\"http:\/\/marconsult.ru\/wp-content\/uploads\/2016\/10\/konstruktor-logo.jpg\" alt=\"Constructor\" \/><\/li>\n<li><img decoding=\"async\" src=\"http:\/\/marconsult.ru\/wp-content\/uploads\/2016\/10\/novoe-biserevo-logo.jpg\" alt=\"Novoye Biserovo\" \/><\/li>\n<li><img decoding=\"async\" src=\"http:\/\/marconsult.ru\/wp-content\/uploads\/2016\/10\/mian-logo.jpg\" alt=\"Mian\" \/><\/li>\n<li><\/li>\n<li><img decoding=\"async\" src=\"http:\/\/marconsult.ru\/wp-content\/uploads\/2016\/10\/pik-logo.jpg\" alt=\"PIK\" \/><\/li>\n<\/ul>\n<h3>Industrial sector<\/h3>\n<ul class=\"logos\">\n<li><img decoding=\"async\" src=\"http:\/\/marconsult.ru\/wp-content\/uploads\/2016\/10\/siemens-logo.jpg\" alt=\"Siemens\" \/><\/li>\n<li><img decoding=\"async\" src=\"http:\/\/marconsult.ru\/wp-content\/uploads\/2016\/10\/ge-logo.jpg\" alt=\"GE\" \/><\/li>\n<li><img decoding=\"async\" src=\"http:\/\/marconsult.ru\/wp-content\/uploads\/2016\/10\/heidelberg-logo.jpg\" alt=\"Heidelberg\" \/><\/li>\n<li><img decoding=\"async\" src=\"http:\/\/marconsult.ru\/wp-content\/uploads\/2016\/10\/3m-logo.jpg\" alt=\"3M\" \/><\/li>\n<li><img decoding=\"async\" src=\"http:\/\/marconsult.ru\/wp-content\/uploads\/2016\/10\/dupoint-logo.png\" alt=\"Du Pont\" \/><\/li>\n<li><img decoding=\"async\" src=\"http:\/\/marconsult.ru\/wp-content\/uploads\/2016\/10\/abb-logo.jpg\" alt=\"ABB\" \/><\/li>\n<li><img decoding=\"async\" src=\"http:\/\/marconsult.ru\/wp-content\/uploads\/2016\/10\/ksb-logo.jpg\" alt=\"KSB\" \/><\/li>\n<li><img decoding=\"async\" src=\"http:\/\/marconsult.ru\/wp-content\/uploads\/2016\/10\/xerox-logo.jpg\" alt=\"Xerox\" \/><\/li>\n<li><img decoding=\"async\" src=\"http:\/\/marconsult.ru\/wp-content\/uploads\/2016\/10\/grundfos-logo.jpg\" alt=\"Grundfos\" \/><\/li>\n<\/ul>\n<div class=\"quote wow fadeInUp\">Mit den Ergebnissen der Studie liegen Siemens sehr gute Information zu Markt, Kunden und Konkurrenten vor. Damit stellt sie eine wertvolle Quelle dar, um den Einstieg in spezielle Marktsegmente des Energiemarktes zu entscheiden.<\/p>\n<div class=\"autor\">\n<div class=\"yellow-line\"><\/div>\n<p><span class=\"name\">Heiko Kreisel, Head of Strategy &amp; Business Development<\/span><br \/>\n<span class=\"company\">Siemens Power Generation, Russia<\/span><\/p>\n<\/div>\n<\/div>\n<div class=\"quote wow fadeInUp\">We think a very good aspect of our collaboration was the openness between the two parties during the research. The fact that our General Sales Manager joined in on the interviews made it a more valuable experience for us.<\/p>\n<div class=\"autor\">\n<div class=\"yellow-line\"><\/div>\n<p><span class=\"name\">Jeroen Van Oosterhout, Manager Business Analysis<\/span><br \/>\n<span class=\"company\">Ranpak<\/span><\/p>\n<\/div>\n<\/div>\n<div class=\"quote wow fadeInUp\">Research results were very important for maintenance of service performance and were used for optimization and increase in the quality of customer service.<\/p>\n<div class=\"autor\">\n<div class=\"yellow-line\"><\/div>\n<p><span class=\"name\">Alexandr Kaverny, Service Director<\/span><br \/>\n<span class=\"company\">Heidelberg<\/span><\/p>\n<\/div>\n<\/div>\n<h3>Agricultural sector<\/h3>\n<ul class=\"wow fadeInUp logos\">\n<li><img decoding=\"async\" src=\"http:\/\/marconsult.ru\/wp-content\/uploads\/2016\/10\/gea-logo.jpg\" alt=\"GEA\" \/><\/li>\n<li><img decoding=\"async\" src=\"http:\/\/marconsult.ru\/wp-content\/uploads\/2016\/10\/delaval-logo.jpg\" alt=\"DeLaval\" \/><\/li>\n<li><img decoding=\"async\" src=\"http:\/\/marconsult.ru\/wp-content\/uploads\/2016\/10\/syngenta-logo.jpg\" alt=\"Syngenta\" \/><\/li>\n<li><img decoding=\"async\" src=\"http:\/\/marconsult.ru\/wp-content\/uploads\/2016\/10\/nzte-logo.jpg\" alt=\"NZTE (New Zealand Trade &amp; Enterprises)\" \/><\/li>\n<li><img decoding=\"async\" src=\"http:\/\/marconsult.ru\/wp-content\/uploads\/2016\/10\/tetra-pak-logo.jpg\" alt=\"Tetra Pak\" \/><\/li>\n<li><img decoding=\"async\" src=\"http:\/\/marconsult.ru\/wp-content\/uploads\/2016\/10\/foss-logo.jpg\" alt=\"Foss\" \/><\/li>\n<\/ul>\n<div class=\"quote wow fadeInUp\">MAR CONSULT is one of our preferred suppliers for market research in Eastern Europe. MAR CONSULTs attitude to work is characterized by a high level of customer orientation and professionalism. Furthermore we experience a clear understanding of the information we need to base decisions on. Last but not least we appreciate very much open and straightforward communications with MAR CONSULT.<\/p>\n<div class=\"autor\">\n<div class=\"yellow-line\"><\/div>\n<p><span class=\"name\">Mareike Zimmermann, Market Intelligence<\/span><br \/>\n<span class=\"company\">GEA<\/span><\/p>\n<\/div>\n<\/div>\n<h3>Automotive sector<\/h3>\n<ul class=\"wow fadeInUp logos\">\n<li><img decoding=\"async\" src=\"http:\/\/marconsult.ru\/wp-content\/uploads\/2016\/10\/caterpillar-logo.jpg\" alt=\"Caterpillar\" \/><\/li>\n<li><img decoding=\"async\" src=\"http:\/\/marconsult.ru\/wp-content\/uploads\/2016\/10\/citroen-logo.jpg\" alt=\"Citroen\" \/><\/li>\n<li><img decoding=\"async\" src=\"http:\/\/marconsult.ru\/wp-content\/uploads\/2016\/10\/cumminis-logo.jpg\" alt=\"Cummins\" \/><\/li>\n<li><img decoding=\"async\" src=\"http:\/\/marconsult.ru\/wp-content\/uploads\/2016\/10\/gm-avtovaz-logo.jpg\" alt=\"GM - Avtovaz\" \/><\/li>\n<li><img decoding=\"async\" src=\"http:\/\/marconsult.ru\/wp-content\/uploads\/2016\/10\/gruppa-gas-logo.jpg\" alt=\"GAZ Group\" \/><\/li>\n<li><img decoding=\"async\" src=\"http:\/\/marconsult.ru\/wp-content\/uploads\/2016\/10\/honda-logo.jpg\" alt=\"Honda\" \/><\/li>\n<li><img decoding=\"async\" src=\"http:\/\/marconsult.ru\/wp-content\/uploads\/2016\/10\/komatsu-logo.jpg\" alt=\"Komatsu\" \/><\/li>\n<li><img decoding=\"async\" src=\"http:\/\/marconsult.ru\/wp-content\/uploads\/2016\/10\/michelin-logo.jpg\" alt=\"Michelin\" \/><\/li>\n<li><img decoding=\"async\" src=\"http:\/\/marconsult.ru\/wp-content\/uploads\/2016\/10\/mobis-logo.jpg\" alt=\"Mobis\" \/><\/li>\n<li><img decoding=\"async\" src=\"http:\/\/marconsult.ru\/wp-content\/uploads\/2016\/10\/renault-trucks-logo.jpg\" alt=\"Renault Trucks\" \/><\/li>\n<li><img decoding=\"async\" src=\"http:\/\/marconsult.ru\/wp-content\/uploads\/2016\/10\/sibur-logo.jpg\" alt=\"Sibur\" \/><\/li>\n<li><img decoding=\"async\" src=\"http:\/\/marconsult.ru\/wp-content\/uploads\/2016\/10\/skoda-logo.jpg\" alt=\"Scoda\" \/><\/li>\n<li><\/li>\n<li><img decoding=\"async\" src=\"http:\/\/marconsult.ru\/wp-content\/uploads\/2016\/10\/zeppelin-logo.jpg\" alt=\"Zeppelin\" \/><\/li>\n<\/ul>\n<div class=\"quote wow fadeInUp\">We have started our cooperation with you based on the recommendation of our partners. I like that you have a good reputation. I am glad that we have made a right choice.<\/p>\n<div class=\"autor\">\n<div class=\"yellow-line\"><\/div>\n<p><span class=\"name\">Olga Polagayeva, Business Development Manager<\/span><br \/>\n<span class=\"company\">Cummins<\/span><\/p>\n<\/div>\n<\/div>\n<h3>Electronics<\/h3>\n<ul class=\"wow fadeInUp logos\">\n<li><img decoding=\"async\" src=\"http:\/\/marconsult.ru\/wp-content\/uploads\/2016\/10\/bsh-logo.jpg\" alt=\"BSH Home Appliances\" \/><\/li>\n<li><img decoding=\"async\" src=\"http:\/\/marconsult.ru\/wp-content\/uploads\/2016\/10\/bork-logo.jpg\" alt=\"BORK\" \/><\/li>\n<li><img decoding=\"async\" src=\"http:\/\/marconsult.ru\/wp-content\/uploads\/2016\/10\/fujifilm-logo.jpg\" alt=\"FUJIFILM\" \/><\/li>\n<li><img decoding=\"async\" src=\"http:\/\/marconsult.ru\/wp-content\/uploads\/2016\/10\/3m-logo.jpg\" alt=\"3M\" \/><\/li>\n<li><img decoding=\"async\" src=\"http:\/\/marconsult.ru\/wp-content\/uploads\/2016\/10\/kodak-logo.jpg\" alt=\"Kodak\" \/><\/li>\n<li><img decoding=\"async\" src=\"http:\/\/marconsult.ru\/wp-content\/uploads\/2016\/10\/canon-logo.jpg\" alt=\"Canon\" \/><\/li>\n<li><img decoding=\"async\" src=\"http:\/\/marconsult.ru\/wp-content\/uploads\/2016\/10\/wd-logo.jpg\" alt=\"WD (Western Digital)\" \/><\/li>\n<li><img decoding=\"async\" src=\"http:\/\/marconsult.ru\/wp-content\/uploads\/2016\/10\/panasonic-logo.jpg\" alt=\"Panasonic\" \/><\/li>\n<li><img decoding=\"async\" src=\"http:\/\/marconsult.ru\/wp-content\/uploads\/2016\/10\/and-logo.jpg\" alt=\"AND\" \/><\/li>\n<\/ul>\n<div class=\"quote wow fadeInUp\">MAR CONSULT is our long-term partner; we plan to continue the joint realization of research projects.<\/p>\n<div class=\"autor\">\n<div class=\"yellow-line\"><\/div>\n<p><span class=\"name\">Viktoria Grishel, Retail Program Development Manager <\/span><br \/>\n<span class=\"company\">Epson Europe B.V.<\/span><\/p>\n<\/div>\n<\/div>\n<div class=\"quote wow fadeInUp\">Bis heute hat die Firma MAR CONSULT schon mehrere Marktuntersuchungen f\u00fcr unsere Kunden in verschiedenen Industriezweigen zu unserer vollsten Zufriedenheit abgeschlossen. Alle Studien wurden umfassend und gr\u00fcndlich durchgef\u00fchrt und die Ergebnisse in einem anschaulichen Rahmen pr\u00e4sentiert. Damit entspricht die Arbeit v\u00f6llig unseren Erwartungen.<\/p>\n<div class=\"autor\">\n<div class=\"yellow-line\"><\/div>\n<p><span class=\"name\">Dr. Alexander Spaak, Geschaeftsfuehrer Deinternational<\/span><br \/>\n<span class=\"company\">Informationszentrum der Deutschen Wirtschaft<\/span><\/p>\n<\/div>\n<\/div>\n<div class=\"quote wow fadeInUp\">Within the framework of strategic partnership MAR CONSULT has successfully realized a range of projects aimed at integrated market study, including for such companies as MANDiesel, PFMAG, VostaLMG, SchmidtSeegerAG. The results of these studies have got a positive evaluation of the Clients, what is proved by many letters of appreciation.<\/p>\n<div class=\"autor\">\n<div class=\"yellow-line\"><\/div>\n<p><span class=\"name\">Michael Harms, Representative of the Board<\/span><br \/>\n<span class=\"company\">Russian-German Foreign Trade Chamber<\/span><\/p>\n<\/div>\n<\/div>\n<p><\/p>","protected":false},"excerpt":{"rendered":"<p>Our Clients Join market leaders. PHARMA unit I am satisfied with everything: communication, expertise, reports and visualization \u2013 all aspects are at the highest level. I like everything so that I wouldn\u2019t change anything myself. We have been cooperating for so long already that we can finish each other\u2019s sentences. Sergey Linnik Takeda I would [&hellip;]<\/p>\n","protected":false},"author":1,"featured_media":0,"parent":0,"menu_order":0,"comment_status":"closed","ping_status":"closed","template":"","meta":[],"_links":{"self":[{"href":"https:\/\/marconsult.ru\/en\/wp-json\/wp\/v2\/pages\/231"}],"collection":[{"href":"https:\/\/marconsult.ru\/en\/wp-json\/wp\/v2\/pages"}],"about":[{"href":"https:\/\/marconsult.ru\/en\/wp-json\/wp\/v2\/types\/page"}],"author":[{"embeddable":true,"href":"https:\/\/marconsult.ru\/en\/wp-json\/wp\/v2\/users\/1"}],"replies":[{"embeddable":true,"href":"https:\/\/marconsult.ru\/en\/wp-json\/wp\/v2\/comments?post=231"}],"version-history":[{"count":38,"href":"https:\/\/marconsult.ru\/en\/wp-json\/wp\/v2\/pages\/231\/revisions"}],"predecessor-version":[{"id":945,"href":"https:\/\/marconsult.ru\/en\/wp-json\/wp\/v2\/pages\/231\/revisions\/945"}],"wp:attachment":[{"href":"https:\/\/marconsult.ru\/en\/wp-json\/wp\/v2\/media?parent=231"}],"curies":[{"name":"wp","href":"https:\/\/api.w.org\/{rel}","templated":true}]}}